{"id":64,"date":"2018-03-20T15:18:24","date_gmt":"2018-03-20T15:18:24","guid":{"rendered":"https:\/\/demo.cocobasic.com\/kapena-wp\/?page_id=64"},"modified":"2022-11-01T08:39:00","modified_gmt":"2022-11-01T08:39:00","slug":"contact","status":"publish","type":"page","link":"https:\/\/ruveydasifamerkezi.com\/?page_id=64","title":{"rendered":"\u0130leti\u015fim"},"content":{"rendered":"\n<p class=\"has-text-align-center\"><strong>S\u00fcleyman TA\u015eLITEPE<br><\/strong>(Emekli \u0130mam ve \u0130lahiyat\u00e7\u0131)<br>Metafizik ve Bioenerji Uzman\u0131<br>Aile Dan\u0131\u015fman\u0131 ve Ya\u015fam Ko\u00e7u<br><strong>0555 383 44 27<\/strong><\/p>\n","protected":false},"excerpt":{"rendered":"<p>S\u00fcleyman TA\u015eLITEPE(Emekli \u0130mam ve \u0130lahiyat\u00e7\u0131)Metafizik ve Bioenerji Uzman\u0131Aile Dan\u0131\u015fman\u0131 ve Ya\u015fam Ko\u00e7u0555 383 44 27<\/p>\n","protected":false},"author":1,"featured_media":0,"parent":0,"menu_order":0,"comment_status":"closed","ping_status":"closed","template":"","meta":{"om_disable_all_campaigns":false,"_mi_skip_tracking":false,"_monsterinsights_sitenote_active":false,"_monsterinsights_sitenote_note":"","_monsterinsights_sitenote_category":0},"aioseo_notices":[],"_links":{"self":[{"href":"https:\/\/ruveydasifamerkezi.com\/index.php?rest_route=\/wp\/v2\/pages\/64"}],"collection":[{"href":"https:\/\/ruveydasifamerkezi.com\/index.php?rest_route=\/wp\/v2\/pages"}],"about":[{"href":"https:\/\/ruveydasifamerkezi.com\/index.php?rest_route=\/wp\/v2\/types\/page"}],"author":[{"embeddable":true,"href":"https:\/\/ruveydasifamerkezi.com\/index.php?rest_route=\/wp\/v2\/users\/1"}],"replies":[{"embeddable":true,"href":"https:\/\/ruveydasifamerkezi.com\/index.php?rest_route=%2Fwp%2Fv2%2Fcomments&post=64"}],"version-history":[{"count":2,"href":"https:\/\/ruveydasifamerkezi.com\/index.php?rest_route=\/wp\/v2\/pages\/64\/revisions"}],"predecessor-version":[{"id":16649,"href":"https:\/\/ruveydasifamerkezi.com\/index.php?rest_route=\/wp\/v2\/pages\/64\/revisions\/16649"}],"wp:attachment":[{"href":"https:\/\/ruveydasifamerkezi.com\/index.php?rest_route=%2Fwp%2Fv2%2Fmedia&parent=64"}],"curies":[{"name":"wp","href":"https:\/\/api.w.org\/{rel}","templated":true}]}}