{"id":30,"date":"2018-03-19T16:31:38","date_gmt":"2018-03-19T16:31:38","guid":{"rendered":"https:\/\/demo.cocobasic.com\/kapena-wp\/?page_id=30"},"modified":"2022-11-01T08:37:04","modified_gmt":"2022-11-01T08:37:04","slug":"blog","status":"publish","type":"page","link":"https:\/\/ruveydasifamerkezi.com\/?page_id=30","title":{"rendered":"Blog"},"content":{"rendered":"\n<div class=\"wp-block-media-text alignfull is-stacked-on-mobile is-vertically-aligned-center\"><figure class=\"wp-block-media-text__media\"><img decoding=\"async\" loading=\"lazy\" width=\"890\" height=\"606\" src=\"https:\/\/ruveydasifamerkezi.com\/wp-content\/uploads\/2022\/10\/meta.jpg\" alt=\"\" class=\"wp-image-16654 size-full\" srcset=\"https:\/\/ruveydasifamerkezi.com\/wp-content\/uploads\/2022\/10\/meta.jpg 890w, https:\/\/ruveydasifamerkezi.com\/wp-content\/uploads\/2022\/10\/meta-300x204.jpg 300w, https:\/\/ruveydasifamerkezi.com\/wp-content\/uploads\/2022\/10\/meta-768x523.jpg 768w\" sizes=\"(max-width: 890px) 100vw, 890px\" \/><\/figure><div class=\"wp-block-media-text__content\">\n<h3 class=\"has-text-align-center has-text-color wp-block-heading\" style=\"color:#000000\"><strong>Metafizik Nedir ?<\/strong><\/h3>\n\n\n\n<p>Kendinizi bir d\u00fc\u015f\u00fcnce okyanusuna dalm\u0131\u015f gibi hissetti\u011finiz oldu mu? Zihniniz bilginizin bo\u015fluklar\u0131n\u0131n yaratt\u0131\u011f\u0131 huzursuzluk i\u00e7inde kald\u0131 m\u0131? E\u011fer bunu ya\u015famad\u0131ysan\u0131z \u015fu sorulara bir g\u00f6z at\u0131n;<\/p>\n\n\n\n<p>Zaman bir yan\u0131lsama m\u0131d\u0131r?<\/p>\n\n\n\n<p>Mutlak bir ger\u00e7ek var m\u0131d\u0131r? Varsa neden meydana gelir?<\/p>\n\n\n\n<p>Tanr\u0131\u2019n\u0131n varl\u0131\u011f\u0131n\u0131 bilmek m\u00fcmk\u00fcn m\u00fc? Tanr\u0131 dedi\u011fimiz \u015fey vicdan\u0131m\u0131z\u0131n sesi olabilir mi?<\/p>\n\n\n\n<p>Ya\u015fam\u0131n nihai bir anlam\u0131 var m\u0131?<\/p>\n\n\n\n<p>Bu gibi sorular\u0131 analiz etmeye ve cevaplamaya \u00e7al\u0131\u015ft\u0131\u011f\u0131m\u0131zda fizik kavramlar\u0131 ile bu sorular \u00fczerinde d\u00fc\u015f\u00fcnemeyece\u011fimizi fark ederiz. Bu gibi sorulara yan\u0131t ararken fizik \u00f6tesi anlam\u0131na gelen \u201cmetafizik\u201d kavramlar\u0131 ile d\u00fc\u015f\u00fcnmeye ba\u015flar\u0131z.<\/p>\n\n\n\n<blockquote class=\"wp-block-quote\"><p>Ge\u00e7mi\u015ften Felsefi Bir Yakla\u015f\u0131m<\/p><p>Do\u011fduk \u00f6lece\u011fiz. Bu ikisi aras\u0131ndaki \u015feye \u201czaman\u201d diyoruz. Zaman\u0131n ge\u00e7i\u015finin deneyimlerimizin en temel \u00f6zelli\u011fi oldu\u011funu biliyoruz ama onu tam olarak tan\u0131mlayam\u0131yoruz. Daha da fenas\u0131, bu konuda fizik yasalar\u0131 da bize yard\u0131mc\u0131 olmuyor. Zaman\u0131n varl\u0131\u011f\u0131 inkar edilemez ama deneyimler olmad\u0131\u011f\u0131nda zaman\u0131n anlam\u0131 da kayboluyor. Di\u011fer sorular i\u00e7in de benzer bir durum ge\u00e7erli. Buna benzer problemleri felsefi a\u00e7\u0131dan ele alarak \u00e7\u00f6zmeye \u00e7al\u0131\u015f\u0131r\u0131z. Felsefede uzay ve zaman, zaman\u0131n ge\u00e7icili\u011fi taraf\u0131ndan d\u00fczenlenen bir alan olarak de\u011fil, de\u011fi\u015fmeyen d\u00f6rt boyutlu bir yap\u0131 olarak ele al\u0131n\u0131r.<\/p><\/blockquote>\n\n\n\n<h3 class=\"wp-block-heading\">Metafizik<\/h3>\n\n\n\n<p>B\u00fct\u00fcn bunlar biraz kafa kar\u0131\u015ft\u0131r\u0131c\u0131 gelmi\u015f olabilir. Bunun kafa kar\u0131\u015ft\u0131r\u0131c\u0131 g\u00f6r\u00fcnme nedeni bilimsel bak\u0131\u015f a\u00e7\u0131s\u0131n\u0131n felsefi \u00e7\u00f6z\u00fcmleri sindirememesinden; kuantum fizi\u011finin hem teorik hem de deneysel olarak tam olarak anla\u015f\u0131lmam\u0131\u015f olmas\u0131na ra\u011fmen ge\u00e7erli oldu\u011funu unutma e\u011filimimizden kaynaklan\u0131r.<\/p>\n\n\n\n<p>Metafizik, kuantum fizi\u011fi ilgili ke\u015fiflerden \u00e7ok \u00f6nce Platon ve Aristoteles\u2019in zaman\u0131ndan beri vard\u0131r.&nbsp;Metafizik ger\u00e7ekli\u011fin temel do\u011fas\u0131n\u0131, zihin ve madde aras\u0131ndaki ili\u015fkiyi, \u00f6z\u00fc ve niteli\u011fi, olas\u0131l\u0131\u011f\u0131 ve ger\u00e7ekli\u011fi inceleyen felsefe dal\u0131d\u0131r.&nbsp;Fizikten fark\u0131, ortaya koydu\u011fu kavramlar\u0131 sorgulama a\u015famas\u0131n\u0131 atlay\u0131p sonuca dair cevaplar \u00fcretme \u00e7abas\u0131d\u0131r.<\/p>\n\n\n\n<p>Metafizi\u011fin konular\u0131n\u0131n ba\u015f\u0131nda varl\u0131k bilimi anlam\u0131na gelen ontoloji gelir.<\/p>\n\n\n\n<h3 class=\"wp-block-heading\">Ontoloji<\/h3>\n\n\n\n<p>Ontoloji varl\u0131\u011f\u0131n do\u011fas\u0131n\u0131 anlamaya \u00e7al\u0131\u015f\u0131r. Farkl\u0131 nesne t\u00fcrlerini (somut ve soyut, var olmayan ve var olan, ger\u00e7ek ve sanal, ba\u011f\u0131ml\u0131 ve ba\u011f\u0131ms\u0131z) ve bunlar\u0131n ba\u011flar\u0131n\u0131 (ili\u015fkiler, \u00f6ng\u00f6rme ve ba\u011f\u0131ml\u0131l\u0131klar) ay\u0131rt etmek i\u00e7in bir temel arar.<\/p>\n\n\n\n<p>\u201cEvrenin do\u011fas\u0131 nedir?\u201d, \u201cTanr\u0131 var m\u0131?\u201d veya \u201c\u00d6ld\u00fc\u011f\u00fcm\u00fczde bize ne olur?\u201d gibi derin sorular sordu\u011funuzda, ontolojik sorular sormu\u015f oluyoruz.<\/p>\n\n\n\n<h3 class=\"wp-block-heading\">Modalite (Y\u00f6ntem)<\/h3>\n\n\n\n<p>Modalite; ihtiya\u00e7lar, olas\u0131l\u0131klar ve imkans\u0131zl\u0131klar dahil olmak \u00fczere metafiziksel ifadelerle ilgilenir. \u00d6rne\u011fin, futbol tak\u0131m\u0131nda 11 oyuncu varken on d\u00f6rt oyuncu da olabilirdi diyebiliriz ama s\u0131f\u0131r oyuncu olma olas\u0131l\u0131\u011f\u0131 yoktur. Futbol tak\u0131m\u0131nda 11 oyuncunun var olmas\u0131; neyin ger\u00e7ek ya da neyin gerekli oldu\u011fuyla ilgilidir. On d\u00f6rt oyuncu olabilirdi ifadesi neyin m\u00fcmk\u00fcn oldu\u011fuyla ve \u00fc\u00e7\u00fcnc\u00fcs\u00fc ise imkans\u0131z olanla ilgili bir ger\u00e7ektir.<\/p>\n\n\n\n<p>Neyin m\u00fcmk\u00fcn ve gerekli oldu\u011fu konusunu s\u00fcrekli olarak de\u011ferlendiririz. Mesela bir i\u015fi nas\u0131l daha iyi hale getirece\u011fimizi d\u00fc\u015f\u00fcn\u00fcrken ya da olaylar\u0131n oldu\u011fundan farkl\u0131 olmas\u0131 i\u00e7in nelerin de\u011fi\u015fmesi gerekti\u011fi konusunda d\u00fc\u015f\u00fcn\u00fcrken. Bunlarla ilgili s\u00fcrekli kararlar al\u0131r\u0131z. Bunlara modal kararlar ve modal iddialar denir. Bunlar bilin\u00e7alt\u0131m\u0131zda \u00fcretilir ve kararlar\u0131m\u0131zda merkezi bir rol oynar.<\/p>\n\n\n\n<h3 class=\"wp-block-heading\">Kimlik<\/h3>\n\n\n\n<p>Ki\u015fisel kimlik teorisi, varl\u0131\u011f\u0131m\u0131z ile ilgili nihai bir y\u00fczle\u015fmedir: Ben kimim? \u00d6l\u00fcmden sonra bir ya\u015fam var m\u0131? Varl\u0131\u011f\u0131m\u0131n nihai amac\u0131 nedir? Mevcut fiziksel yasalar\u0131n veya teorilerin herhangi birinin bu t\u00fcr sorular\u0131 yan\u0131tlamas\u0131 m\u00fcmk\u00fcn de\u011fildir.<\/p>\n\n\n\n<h3 class=\"wp-block-heading\">Do\u011fal Teoloji<\/h3>\n\n\n\n<p>Herhangi bir vahiyden s\u00f6z etmeden veya herhangi bir vahiye itiraz etmeden Tanr\u0131\u2019n\u0131n varl\u0131\u011f\u0131n\u0131 ve niteliklerini ara\u015ft\u0131r\u0131r. Teolojide ilk soru \u201ctanr\u0131\u201d kelimesinin ne anlama geldi\u011fidir. Tanr\u0131 var m\u0131? Tanr\u0131 gelece\u011fi ve ya\u015fayan canl\u0131lar\u0131n nas\u0131l davranaca\u011f\u0131n\u0131 bilir mi? Teoloji, bu sorular\u0131 kutsal metinlerden ve ilahi yaz\u0131lardan hi\u00e7bir iddiada bulunmadan kullanmaya devam etmesine ra\u011fmen bu iddialar\u0131 yan\u0131tlamay\u0131 ama\u00e7lar.&nbsp;Bununla birlikte e\u011fer durumu analiz edecek olursan\u0131z \u00f6nemli bir fark\u0131ndal\u0131\u011fa ula\u015f\u0131l\u0131r. Bilim insanlar\u0131 evreninin k\u00f6kenine dair kesin bir a\u00e7\u0131klama yapamam\u0131\u015flard\u0131r. O halde ilahiyat\u00e7\u0131lar\u0131n bir yaratan oldu\u011fu iddias\u0131 bilimsel olarak yalanlanmam\u0131\u015ft\u0131r. Ancak bu noktada bir ba\u015fka soru ortaya \u00e7\u0131kar: Tanr\u0131 evreni yaratt\u0131ysa Tanr\u0131\u2019y\u0131 kim yaratt\u0131?<\/p>\n\n\n\n<h3 class=\"wp-block-heading\">Soyut Nesneler<\/h3>\n\n\n\n<p>Say\u0131lar ve matemati\u011fin di\u011fer kavramlar\u0131 soyut buna kar\u015f\u0131n a\u011fa\u00e7lar, ta\u015flar ve insan\u0131n kendisi gibi do\u011fal fig\u00fcrler evrensel olarak somut olarak kabul edilir. Platon\u2019a g\u00f6re maddi d\u00fcnyan\u0131n \u00f6tesinde ger\u00e7ek bir alem vard\u0131r ve bu alemde nesnelerin ger\u00e7ek ve soyut halleri bulunur. Bu soyut nesneler, yarat\u0131c\u0131 ilahi bir hareketten kaynaklan\u0131r.<\/p>\n\n\n\n<h3 class=\"wp-block-heading\">Metafizik Bir Bilim Dal\u0131 m\u0131d\u0131r?<\/h3>\n\n\n\n<p>Mevcut bilimsel yasalar ve teorilerle a\u00e7\u0131klanmayan, mant\u0131\u011fa ayk\u0131r\u0131 tespitler yapan metafizi\u011fin bir bilim dal\u0131 olarak tan\u0131mlanmas\u0131 nas\u0131l m\u00fcmk\u00fcn olur diye d\u00fc\u015f\u00fcnm\u00fc\u015f olabilirsiniz. Metafizik ger\u00e7ekten de mant\u0131k zincirleriyle kendisini k\u0131s\u0131tlamaz. \u00d6rne\u011fin bir metafizik\u00e7i bilgisayar\u0131n varl\u0131\u011f\u0131 ile ilgili olarak \u015fu sorular\u0131 sorabilir:<\/p>\n\n\n\n<p>Bilgisayar ne t\u00fcr bir\u015feydir?<\/p>\n\n\n\n<p>\u00d6zg\u00fcr iradesi var m\u0131?<\/p>\n\n\n\n<p>Par\u00e7alar\u0131yla kendisi aras\u0131nda nas\u0131l bir ili\u015fki var?<\/p>\n\n\n\n<p>15. y\u00fczy\u0131l boyunca pek \u00e7ok bilge insan, Kristof Kolomb\u2019un ke\u015fif yolculu\u011funu anlams\u0131z ve tehlikeli buldu. \u00c7\u00fcnk\u00fc onlara g\u00f6re d\u00fcnya d\u00fczd\u00fc ve Do\u011fu Hindistan\u2019a gitmeye \u00e7al\u0131\u015fmak demek, d\u00fcnyandan d\u00fc\u015fmek demekti. Ama Kolomb bu yolculu\u011funa \u00e7\u0131kt\u0131 bir s\u00fcre sonra insanlar farkl\u0131 d\u00fc\u015f\u00fcnmeye ba\u015flad\u0131lar. Sonu\u00e7ta d\u00fcnyan\u0131n yuvarlak oldu\u011fu iddias\u0131 fiziksel olarak kant\u0131land\u0131. Yani ba\u015flang\u0131\u00e7ta d\u00fcnyan\u0131n yuvarlak olmas\u0131 fikri metafiziksel bir fikirken daha sonra fiziksel bir ger\u00e7eklik haline gelmi\u015ftir. Bir ba\u015fka \u00f6nemli ger\u00e7ek ise gezegen sistemimizin merkezinde G\u00fcne\u015f\u2019in olmas\u0131d\u0131r. Ba\u015flang\u0131\u00e7ta t\u00fcm y\u0131ld\u0131zlar\u0131n ve gezegenlerin D\u00fcnya\u2019n\u0131n etraf\u0131nda d\u00f6nd\u00fc\u011f\u00fc san\u0131l\u0131rken bug\u00fcn&nbsp;heliosantrik (g\u00fcne\u015f merkezli) evren fikri bizim i\u00e7in fiziksel bir kavram haline gelmi\u015ftir. Ama 16. y\u00fczy\u0131lda ya\u015fayan insanlar i\u00e7in bu metafiziksel bir ger\u00e7ekti. Bu duruma verilebilecek en \u015fahane \u00f6rnek Einstein\u2019\u0131n teorileridir. Einstein\u2019\u0131n teorileri bili\u015fsel anlay\u0131\u015f\u0131 temel alan teorilerdi ancak fiziksel olarak g\u00f6zlemlenemedi\u011fi i\u00e7in geli\u015ftirildikleri zaman metafizikti. Bunun da \u00f6tesinde, \u00e7ok yak\u0131n bir zamanda, bir kara deli\u011fin ilk g\u00f6zlemiyle, bir kara deli\u011fin nas\u0131l g\u00f6r\u00fcnece\u011fi konusundaki metafizik teorileri nihayet hayata ge\u00e7ti. Benzer \u015fekilde, Kuantum fizi\u011fi b\u00fcy\u00fck \u00f6l\u00e7\u00fcde metafizik olarak kabul edilebilir, ancak \u015fimdi t\u00fcm bilimlerimizin temeli haline gelmi\u015ftir.<\/p>\n\n\n\n<p>Burada anlamam\u0131z gereken en \u00f6nemli konu, fizik ve metafizik aras\u0131ndaki s\u0131n\u0131rlar\u0131n s\u00fcrekli olarak hareket halinde oldu\u011fudur. Bug\u00fcn metafizik olan bir \u015fey, gelecekte fiziksel olarak g\u00f6zlenebilen bilimsel bir ger\u00e7ek haline gelebilir. Metafizik bu do\u011fas\u0131 sayesinde bilmediklerimiz konusunda tahminlerde bulunarak bilime \u00f6nc\u00fcl\u00fck eder ve bilimin yolunu ayd\u0131nlat\u0131r.<\/p>\n<\/div><\/div>\n\n\n\n<div class=\"wp-block-media-text alignfull is-stacked-on-mobile is-vertically-aligned-center\"><figure class=\"wp-block-media-text__media\"><img decoding=\"async\" loading=\"lazy\" width=\"890\" height=\"606\" src=\"https:\/\/ruveydasifamerkezi.com\/wp-content\/uploads\/2022\/10\/istanbulbioenerji-4-890x606-1.jpg\" alt=\"\" class=\"wp-image-16656 size-full\" srcset=\"https:\/\/ruveydasifamerkezi.com\/wp-content\/uploads\/2022\/10\/istanbulbioenerji-4-890x606-1.jpg 890w, https:\/\/ruveydasifamerkezi.com\/wp-content\/uploads\/2022\/10\/istanbulbioenerji-4-890x606-1-300x204.jpg 300w, https:\/\/ruveydasifamerkezi.com\/wp-content\/uploads\/2022\/10\/istanbulbioenerji-4-890x606-1-768x523.jpg 768w\" sizes=\"(max-width: 890px) 100vw, 890px\" \/><\/figure><div class=\"wp-block-media-text__content\">\n<h3 class=\"has-text-align-center has-text-color wp-block-heading\" style=\"color:#000000\"><strong>Bioenerji Nedir?<\/strong><\/h3>\n\n\n\n<p>Bioenerji,&nbsp;<strong>ya\u015fam enerjisi<\/strong>&nbsp;olarak bilinir. Bedene bioenerji frekanslar\u0131n\u0131n g\u00f6nderilmesi sayesinde bedenin dengesini bulmas\u0131na ve sorunlar\u0131 a\u015fmas\u0131na yard\u0131mc\u0131 olunur. Her insanda var olan bioenerji aktifle\u015ftirildikten sonra ya\u015fam boyu size pozitif enerji sa\u011flar.<\/p>\n\n\n\n<p>Bioenerji pozitif ve olumlu enerji aktarma y\u00f6ntemidir. Bioenerji evrensel ya\u015fam enerjisi yani kozmik enerjidir. Bioenerji v\u00fccutta meydana gelen b\u00fct\u00fcn a\u011fr\u0131larda \u00e7ok etkilidir. Bu mucizevi e\u011fitim ile \u015fifac\u0131 olabilir kendinize sevdiklerinize \u00e7al\u0131\u015fmalar yapabilir. Profesyonel \u015fifac\u0131l\u0131\u011fa ad\u0131m atm\u0131\u015f olabilirsiniz.<\/p>\n\n\n\n<p>Bioenerji ile kendi bedenimizi, \u00e7evremizdeki her \u015feye enerjinizi sunabilirsiniz. Pozitif ya\u015fam enerjisi ile besleyebilirsiniz. Bioenerji asla t\u0131bb\u0131n yerine ge\u00e7memekle birlikte en yayg\u0131n kullan\u0131lan alternatif enerji tekni\u011fidir. Bioenerji g\u00fcn\u00fcm\u00fczde yayg\u0131n olarak kronik t\u00fcm rahats\u0131zl\u0131klarda kullan\u0131l\u0131r. Bioenerjiniz aktifle\u015ftikten sonra kendinize ve \u00e7evrenize beden ruh zihin dengelemesi yapabilir. \u00c7akralar\u0131n\u0131z\u0131 dengeye getirebilir. Pozitif frekans\u0131 deneyimleyebilirsiniz. Siz de\u011ferli kursiyerlerimiz i\u00e7in e\u011fitimimize ili\u015fki \u015fifaland\u0131rma ve bioenerjiyle bolluk bereket \u00e7al\u0131\u015fmalar\u0131n\u0131n nas\u0131l yap\u0131laca\u011f\u0131n\u0131 da ekledik.<\/p>\n\n\n\n<p>G\u00fcn\u00fcm\u00fczde bir \u00e7ok ekol bir \u00e7ok enerji \u00e7al\u0131\u015fmas\u0131 olmas\u0131na ra\u011fmen bioenerji en \u00e7ok talep g\u00f6ren enerji \u00e7e\u015fididir. Asla k\u00f6t\u00fcl\u00fc\u011fe negatife i\u015flemez ki\u015fi pozitif enerji ile dolar. Di\u011fer enerji \u00e7al\u0131\u015fmalar\u0131nda ki\u015finin ya\u015fam s\u00fcrecinde tekam\u00fcl\u00fcndeki s\u0131navlardan ar\u0131nmas\u0131 gerekebilirken, bioenerji i\u00e7inde bulundu\u011funuz s\u00fcreci kolayla\u015ft\u0131r\u0131r. Pozitif kolay \u00e7abas\u0131z ya\u015fam ak\u0131\u015f\u0131 sa\u011flar. Sizlerde \u00e7evrenize katk\u0131l\u0131 olmay\u0131 se\u00e7ebilir ya da profesyonel olarak bioenerji uygulay\u0131c\u0131s\u0131 olabilirsiniz.<\/p>\n<\/div><\/div>\n","protected":false},"excerpt":{"rendered":"<p>Metafizik Nedir ? Kendinizi bir d\u00fc\u015f\u00fcnce okyanusuna dalm\u0131\u015f gibi hissetti\u011finiz oldu mu? Zihniniz bilginizin bo\u015fluklar\u0131n\u0131n yaratt\u0131\u011f\u0131 huzursuzluk i\u00e7inde kald\u0131 m\u0131? &#8230;<\/p>\n","protected":false},"author":1,"featured_media":0,"parent":0,"menu_order":0,"comment_status":"closed","ping_status":"closed","template":"","meta":{"om_disable_all_campaigns":false,"_mi_skip_tracking":false,"_monsterinsights_sitenote_active":false,"_monsterinsights_sitenote_note":"","_monsterinsights_sitenote_category":0},"aioseo_notices":[],"_links":{"self":[{"href":"https:\/\/ruveydasifamerkezi.com\/index.php?rest_route=\/wp\/v2\/pages\/30"}],"collection":[{"href":"https:\/\/ruveydasifamerkezi.com\/index.php?rest_route=\/wp\/v2\/pages"}],"about":[{"href":"https:\/\/ruveydasifamerkezi.com\/index.php?rest_route=\/wp\/v2\/types\/page"}],"author":[{"embeddable":true,"href":"https:\/\/ruveydasifamerkezi.com\/index.php?rest_route=\/wp\/v2\/users\/1"}],"replies":[{"embeddable":true,"href":"https:\/\/ruveydasifamerkezi.com\/index.php?rest_route=%2Fwp%2Fv2%2Fcomments&post=30"}],"version-history":[{"count":2,"href":"https:\/\/ruveydasifamerkezi.com\/index.php?rest_route=\/wp\/v2\/pages\/30\/revisions"}],"predecessor-version":[{"id":16658,"href":"https:\/\/ruveydasifamerkezi.com\/index.php?rest_route=\/wp\/v2\/pages\/30\/revisions\/16658"}],"wp:attachment":[{"href":"https:\/\/ruveydasifamerkezi.com\/index.php?rest_route=%2Fwp%2Fv2%2Fmedia&parent=30"}],"curies":[{"name":"wp","href":"https:\/\/api.w.org\/{rel}","templated":true}]}}