{"id":24,"date":"2018-03-19T16:30:31","date_gmt":"2018-03-19T16:30:31","guid":{"rendered":"https:\/\/demo.cocobasic.com\/kapena-wp\/?page_id=24"},"modified":"2022-11-01T08:36:07","modified_gmt":"2022-11-01T08:36:07","slug":"home","status":"publish","type":"page","link":"https:\/\/ruveydasifamerkezi.com\/","title":{"rendered":"Anasayfa"},"content":{"rendered":"\n<h3 class=\"has-text-align-center wp-block-heading\">Randevu Ve Bilgi \u0130\u00e7in<br>S\u00fcleyman TA\u015eLITEPE<br>(Emekli \u0130mam ve \u0130lahiyat\u00e7\u0131)<br>Metafizik ve Bioenerji Uzman\u0131<br>Aile Dan\u0131\u015fman\u0131 ve Ya\u015fam Ko\u00e7u<br>0555 383 44 27<br><\/h3>\n\n\n<\/div><div class=\"full-page-width center-relative\"><br><div id=\"portfolio-wrapper\"><ul class=\"grid\" id=\"portfolio-grid\"><li class=\"gutter-sizer\"><\/li><li class=\"grid-sizer\"><\/li><li class=\"grid-item element-item p_one_third\"><a class=\"item-link\" href=\"https:\/\/youtu.be\/Gti1IUwXsvo\" data-rel=\"prettyPhoto[gallery1]\"><img width=\"1024\" height=\"543\" src=\"https:\/\/ruveydasifamerkezi.com\/wp-content\/uploads\/2022\/10\/1-1-1.png\" class=\"attachment-post-thumbnail size-post-thumbnail wp-post-image\" alt=\"\" decoding=\"async\" loading=\"lazy\" srcset=\"https:\/\/ruveydasifamerkezi.com\/wp-content\/uploads\/2022\/10\/1-1-1.png 1024w, https:\/\/ruveydasifamerkezi.com\/wp-content\/uploads\/2022\/10\/1-1-1-300x159.png 300w, https:\/\/ruveydasifamerkezi.com\/wp-content\/uploads\/2022\/10\/1-1-1-768x407.png 768w\" sizes=\"(max-width: 1024px) 100vw, 1024px\" \/><div class=\"portfolio-text-holder\"><p class=\"portfolio-title\">Cin Suresi 3 Adet<\/p><p class=\"portfolio-desc\"><\/p><\/div><\/a><\/li><li class=\"grid-item element-item p_one_third\"><a class=\"item-link\" href=\"https:\/\/youtu.be\/-0cS92CBTqs\" data-rel=\"prettyPhoto[gallery1]\"><img width=\"1024\" height=\"543\" src=\"https:\/\/ruveydasifamerkezi.com\/wp-content\/uploads\/2022\/10\/12-1.png\" class=\"attachment-post-thumbnail size-post-thumbnail wp-post-image\" alt=\"\" decoding=\"async\" loading=\"lazy\" srcset=\"https:\/\/ruveydasifamerkezi.com\/wp-content\/uploads\/2022\/10\/12-1.png 1024w, https:\/\/ruveydasifamerkezi.com\/wp-content\/uploads\/2022\/10\/12-1-300x159.png 300w, https:\/\/ruveydasifamerkezi.com\/wp-content\/uploads\/2022\/10\/12-1-768x407.png 768w\" sizes=\"(max-width: 1024px) 100vw, 1024px\" \/><div class=\"portfolio-text-holder\"><p class=\"portfolio-title\">Tar\u0131k Suresi 3 Adet<\/p><p class=\"portfolio-desc\"><\/p><\/div><\/a><\/li><li class=\"grid-item element-item p_one_third\"><a class=\"item-link\" href=\"https:\/\/youtu.be\/xC71V2NKApA\" data-rel=\"prettyPhoto[gallery1]\"><img width=\"1024\" height=\"543\" src=\"https:\/\/ruveydasifamerkezi.com\/wp-content\/uploads\/2022\/10\/13.png\" class=\"attachment-post-thumbnail size-post-thumbnail wp-post-image\" alt=\"\" decoding=\"async\" loading=\"lazy\" srcset=\"https:\/\/ruveydasifamerkezi.com\/wp-content\/uploads\/2022\/10\/13.png 1024w, https:\/\/ruveydasifamerkezi.com\/wp-content\/uploads\/2022\/10\/13-300x159.png 300w, https:\/\/ruveydasifamerkezi.com\/wp-content\/uploads\/2022\/10\/13-768x407.png 768w\" sizes=\"(max-width: 1024px) 100vw, 1024px\" \/><div class=\"portfolio-text-holder\"><p class=\"portfolio-title\">Kafirun Suresi 3 Adet<\/p><p class=\"portfolio-desc\"><\/p><\/div><\/a><\/li><li class=\"grid-item element-item p_one_third\"><a class=\"item-link\" href=\"https:\/\/youtu.be\/FnOS5cyKK3A\" data-rel=\"prettyPhoto[gallery1]\"><img width=\"1024\" height=\"543\" src=\"https:\/\/ruveydasifamerkezi.com\/wp-content\/uploads\/2022\/10\/14.png\" class=\"attachment-post-thumbnail size-post-thumbnail wp-post-image\" alt=\"\" decoding=\"async\" loading=\"lazy\" srcset=\"https:\/\/ruveydasifamerkezi.com\/wp-content\/uploads\/2022\/10\/14.png 1024w, https:\/\/ruveydasifamerkezi.com\/wp-content\/uploads\/2022\/10\/14-300x159.png 300w, https:\/\/ruveydasifamerkezi.com\/wp-content\/uploads\/2022\/10\/14-768x407.png 768w\" sizes=\"(max-width: 1024px) 100vw, 1024px\" \/><div class=\"portfolio-text-holder\"><p class=\"portfolio-title\">Felak Suresi 3 Adet<\/p><p class=\"portfolio-desc\"><\/p><\/div><\/a><\/li><li class=\"grid-item element-item p_one_third\"><a class=\"item-link\" href=\"https:\/\/youtu.be\/4CZd1AOP2NY\" data-rel=\"prettyPhoto[gallery1]\"><img width=\"1024\" height=\"543\" src=\"https:\/\/ruveydasifamerkezi.com\/wp-content\/uploads\/2022\/10\/15.png\" class=\"attachment-post-thumbnail size-post-thumbnail wp-post-image\" alt=\"\" decoding=\"async\" loading=\"lazy\" srcset=\"https:\/\/ruveydasifamerkezi.com\/wp-content\/uploads\/2022\/10\/15.png 1024w, https:\/\/ruveydasifamerkezi.com\/wp-content\/uploads\/2022\/10\/15-300x159.png 300w, https:\/\/ruveydasifamerkezi.com\/wp-content\/uploads\/2022\/10\/15-768x407.png 768w\" sizes=\"(max-width: 1024px) 100vw, 1024px\" \/><div class=\"portfolio-text-holder\"><p class=\"portfolio-title\">Nas Suresi 3 Adet<\/p><p class=\"portfolio-desc\"><\/p><\/div><\/a><\/li><li class=\"grid-item element-item p_one_third\"><a class=\"item-link\" href=\"https:\/\/youtu.be\/Gv3TKRih5MM\" data-rel=\"prettyPhoto[gallery1]\"><img width=\"1024\" height=\"543\" src=\"https:\/\/ruveydasifamerkezi.com\/wp-content\/uploads\/2022\/10\/16.png\" class=\"attachment-post-thumbnail size-post-thumbnail wp-post-image\" alt=\"\" decoding=\"async\" loading=\"lazy\" srcset=\"https:\/\/ruveydasifamerkezi.com\/wp-content\/uploads\/2022\/10\/16.png 1024w, https:\/\/ruveydasifamerkezi.com\/wp-content\/uploads\/2022\/10\/16-300x159.png 300w, https:\/\/ruveydasifamerkezi.com\/wp-content\/uploads\/2022\/10\/16-768x407.png 768w\" sizes=\"(max-width: 1024px) 100vw, 1024px\" \/><div class=\"portfolio-text-holder\"><p class=\"portfolio-title\">\u0130hlas Suresi 3 Adet 1 Adet Fatiha Suresi<\/p><p class=\"portfolio-desc\"><\/p><\/div><\/a><\/li><li class=\"grid-item element-item p_one_third\"><a class=\"item-link\" href=\"https:\/\/youtu.be\/rsqSWULMJM4\" data-rel=\"prettyPhoto[gallery1]\"><img width=\"1024\" height=\"543\" src=\"https:\/\/ruveydasifamerkezi.com\/wp-content\/uploads\/2022\/10\/18.png\" class=\"attachment-post-thumbnail size-post-thumbnail wp-post-image\" alt=\"\" decoding=\"async\" loading=\"lazy\" srcset=\"https:\/\/ruveydasifamerkezi.com\/wp-content\/uploads\/2022\/10\/18.png 1024w, https:\/\/ruveydasifamerkezi.com\/wp-content\/uploads\/2022\/10\/18-300x159.png 300w, https:\/\/ruveydasifamerkezi.com\/wp-content\/uploads\/2022\/10\/18-768x407.png 768w\" sizes=\"(max-width: 1024px) 100vw, 1024px\" \/><div class=\"portfolio-text-holder\"><p class=\"portfolio-title\">Ayetel K\u00fcrsi 3 Adet<\/p><p class=\"portfolio-desc\"><\/p><\/div><\/a><\/li><\/ul><div class=\"clear\"><\/div><\/div><div class = \"block center-relative center-text more-posts-portfolio-holder scroll\"><a target = \"_self\" class = \"more-posts-portfolio\">LOAD MORE<\/a><a class = \"more-posts-portfolio-loading\">LOADING<\/a><a class = \"no-more-posts-portfolio\">NO MORE<\/a><\/div><br><\/div><div class=\"content-1170 center-relative\">\n\n\n<figure class=\"wp-block-gallery has-nested-images columns-default is-cropped wp-block-gallery-1 is-layout-flex\">\n<figure class=\"wp-block-image size-large\"><img decoding=\"async\" loading=\"lazy\" width=\"890\" height=\"606\" data-id=\"16656\"  src=\"https:\/\/ruveydasifamerkezi.com\/wp-content\/uploads\/2022\/10\/istanbulbioenerji-4-890x606-1.jpg\" alt=\"\" class=\"wp-image-16656\" srcset=\"https:\/\/ruveydasifamerkezi.com\/wp-content\/uploads\/2022\/10\/istanbulbioenerji-4-890x606-1.jpg 890w, https:\/\/ruveydasifamerkezi.com\/wp-content\/uploads\/2022\/10\/istanbulbioenerji-4-890x606-1-300x204.jpg 300w, https:\/\/ruveydasifamerkezi.com\/wp-content\/uploads\/2022\/10\/istanbulbioenerji-4-890x606-1-768x523.jpg 768w\" sizes=\"(max-width: 890px) 100vw, 890px\" \/><\/figure>\n<\/figure>\n","protected":false},"excerpt":{"rendered":"<p>Randevu Ve Bilgi \u0130\u00e7inS\u00fcleyman TA\u015eLITEPE(Emekli \u0130mam ve \u0130lahiyat\u00e7\u0131)Metafizik ve Bioenerji Uzman\u0131Aile Dan\u0131\u015fman\u0131 ve Ya\u015fam Ko\u00e7u0555 383 44 27<\/p>\n","protected":false},"author":1,"featured_media":0,"parent":0,"menu_order":0,"comment_status":"closed","ping_status":"closed","template":"","meta":{"om_disable_all_campaigns":false,"_mi_skip_tracking":false,"_monsterinsights_sitenote_active":false,"_monsterinsights_sitenote_note":"","_monsterinsights_sitenote_category":0},"aioseo_notices":[],"_links":{"self":[{"href":"https:\/\/ruveydasifamerkezi.com\/index.php?rest_route=\/wp\/v2\/pages\/24"}],"collection":[{"href":"https:\/\/ruveydasifamerkezi.com\/index.php?rest_route=\/wp\/v2\/pages"}],"about":[{"href":"https:\/\/ruveydasifamerkezi.com\/index.php?rest_route=\/wp\/v2\/types\/page"}],"author":[{"embeddable":true,"href":"https:\/\/ruveydasifamerkezi.com\/index.php?rest_route=\/wp\/v2\/users\/1"}],"replies":[{"embeddable":true,"href":"https:\/\/ruveydasifamerkezi.com\/index.php?rest_route=%2Fwp%2Fv2%2Fcomments&post=24"}],"version-history":[{"count":6,"href":"https:\/\/ruveydasifamerkezi.com\/index.php?rest_route=\/wp\/v2\/pages\/24\/revisions"}],"predecessor-version":[{"id":16674,"href":"https:\/\/ruveydasifamerkezi.com\/index.php?rest_route=\/wp\/v2\/pages\/24\/revisions\/16674"}],"wp:attachment":[{"href":"https:\/\/ruveydasifamerkezi.com\/index.php?rest_route=%2Fwp%2Fv2%2Fmedia&parent=24"}],"curies":[{"name":"wp","href":"https:\/\/api.w.org\/{rel}","templated":true}]}}